{"id":2,"date":"2022-05-16T14:26:46","date_gmt":"2022-05-16T14:26:46","guid":{"rendered":"https:\/\/liladesen.com.tr\/?page_id=2"},"modified":"2022-05-20T09:26:56","modified_gmt":"2022-05-20T09:26:56","slug":"sample-page","status":"publish","type":"page","link":"https:\/\/liladesen.com.tr\/?page_id=2","title":{"rendered":"Hakk\u0131m\u0131zda"},"content":{"rendered":"\r\n<p>Size \u00f6zel desen ve tasar\u0131mlar \u00fcretiyoruz<\/p>\r\n<p>&nbsp;<\/p>\r\n<p>0505 874 22 11<\/p>\r\n<p>&nbsp;<\/p>\r\n<p>liladesen@liladesen.com.tr<\/p>\r\n","protected":false},"excerpt":{"rendered":"<p>Size \u00f6zel desen ve tasar\u0131mlar \u00fcretiyoruz &nbsp; 0505 874 22 11 &nbsp; liladesen@liladesen.com.tr<\/p>\n","protected":false},"author":1,"featured_media":0,"parent":0,"menu_order":0,"comment_status":"closed","ping_status":"open","template":"","meta":{"footnotes":""},"class_list":["post-2","page","type-page","status-publish","hentry"],"_links":{"self":[{"href":"https:\/\/liladesen.com.tr\/index.php?rest_route=\/wp\/v2\/pages\/2","targetHints":{"allow":["GET"]}}],"collection":[{"href":"https:\/\/liladesen.com.tr\/index.php?rest_route=\/wp\/v2\/pages"}],"about":[{"href":"https:\/\/liladesen.com.tr\/index.php?rest_route=\/wp\/v2\/types\/page"}],"author":[{"embeddable":true,"href":"https:\/\/liladesen.com.tr\/index.php?rest_route=\/wp\/v2\/users\/1"}],"replies":[{"embeddable":true,"href":"https:\/\/liladesen.com.tr\/index.php?rest_route=%2Fwp%2Fv2%2Fcomments&post=2"}],"version-history":[{"count":3,"href":"https:\/\/liladesen.com.tr\/index.php?rest_route=\/wp\/v2\/pages\/2\/revisions"}],"predecessor-version":[{"id":10,"href":"https:\/\/liladesen.com.tr\/index.php?rest_route=\/wp\/v2\/pages\/2\/revisions\/10"}],"wp:attachment":[{"href":"https:\/\/liladesen.com.tr\/index.php?rest_route=%2Fwp%2Fv2%2Fmedia&parent=2"}],"curies":[{"name":"wp","href":"https:\/\/api.w.org\/{rel}","templated":true}]}}